{"id":66,"date":"2017-11-24T11:35:42","date_gmt":"2017-11-24T10:35:42","guid":{"rendered":"http:\/\/arboripaysage.fr\/?page_id=66"},"modified":"2018-03-01T15:04:32","modified_gmt":"2018-03-01T14:04:32","slug":"entretien-despaces-verts","status":"publish","type":"page","link":"https:\/\/arboripaysage.fr\/index.php\/entretien-despaces-verts\/","title":{"rendered":"Entretien de jardin et espaces verts"},"content":{"rendered":"<p>[et_pb_section bb_built=\u00a0\u00bb1&Prime; admin_label=\u00a0\u00bbsection\u00a0\u00bb][et_pb_row admin_label=\u00a0\u00bbrow\u00a0\u00bb background_position=\u00a0\u00bbtop_left\u00a0\u00bb background_repeat=\u00a0\u00bbrepeat\u00a0\u00bb background_size=\u00a0\u00bbinitial\u00a0\u00bb][et_pb_column type=\u00a0\u00bb2_3&Prime;][et_pb_image src=\u00a0\u00bbhttp:\/\/arboripaysage.fr\/wp-content\/uploads\/2017\/11\/Entretien-de-haies.jpg\u00a0\u00bb show_in_lightbox=\u00a0\u00bboff\u00a0\u00bb url_new_window=\u00a0\u00bboff\u00a0\u00bb use_overlay=\u00a0\u00bboff\u00a0\u00bb animation=\u00a0\u00bbleft\u00a0\u00bb sticky=\u00a0\u00bboff\u00a0\u00bb align=\u00a0\u00bbleft\u00a0\u00bb force_fullwidth=\u00a0\u00bboff\u00a0\u00bb always_center_on_mobile=\u00a0\u00bbon\u00a0\u00bb use_border_color=\u00a0\u00bboff\u00a0\u00bb border_color=\u00a0\u00bb#ffffff\u00a0\u00bb border_style=\u00a0\u00bbsolid\u00a0\u00bb animation_style=\u00a0\u00bbslide\u00a0\u00bb animation_duration=\u00a0\u00bb500ms\u00a0\u00bb animation_intensity_slide=\u00a0\u00bb10%\u00a0\u00bb animation_direction=\u00a0\u00bbleft\u00a0\u00bb show_bottom_space=\u00a0\u00bbon\u00a0\u00bb \/][\/et_pb_column][et_pb_column type=\u00a0\u00bb1_3&Prime;][et_pb_text _builder_version=\u00a0\u00bb3.0.100&Prime; background_layout=\u00a0\u00bblight\u00a0\u00bb text_orientation=\u00a0\u00bbjustified\u00a0\u00bb text_font=\u00a0\u00bbgabriola||||||||\u00a0\u00bb]<\/p>\n<p>&nbsp;<\/p>\n<p><span style=\"font-size: 14pt;\">\u00a0 \u00a0<\/span><span style=\"font-size: 14pt;\">\u00a0Que vous soyez un <\/span><strong style=\"font-size: 14pt;\">particulier<\/strong><span style=\"font-size: 14pt;\">, une <\/span><strong style=\"font-size: 14pt;\">entreprise<\/strong><span style=\"font-size: 14pt;\"> ou une <\/span><strong style=\"font-size: 14pt;\">collectivit\u00e9<\/strong><span style=\"font-size: 14pt;\">, pour<\/span><strong style=\"font-size: 14pt;\"> l\u2019entretien<\/strong><span style=\"font-size: 14pt;\">\u00a0de vos <\/span><strong style=\"font-size: 14pt;\">parcs, jardins ou espaces verts<\/strong><span style=\"font-size: 14pt;\"> faites confiance \u00e0 <\/span><strong style=\"font-size: 14pt;\">Arboripaysage<\/strong><span style=\"font-size: 14pt;\">. Nous vous proposons une multitude de services \u00e0 la carte et selon vos besoins nous pourrons vous proposer\u00a0<\/span><strong style=\"font-size: 14pt;\">un contrat d\u2019entretien annuel ou des services ponctuels<\/strong><span style=\"font-size: 14pt;\">.<\/span><\/p>\n<p><span style=\"font-size: 14pt;\">\u00a0 \u00a0 \u00a0Avant toute intervention, un\u00a0<strong>devis gratuit<\/strong>\u00a0vous sera syst\u00e9matiquement pr\u00e9sent\u00e9.<\/span><\/p>\n<p><span style=\"font-size: 14pt;\">\u00a0 \u00a0 \u00a0Entreprise reconnue sur son secteur, <strong>Arboripaysage<\/strong> met \u00e0 votre disposition toute sa <strong>rigueur<\/strong>, son <strong>professionnalisme<\/strong> et son <strong>savoir-faire<\/strong> pour tous vos travaux d&rsquo;entretien de jardin: la\u00a0<em>tonte de gazon,\u00a0le d\u00e9sherbage, la scarification, la taille ou plantation de haies, le nettoyage ext\u00e9rieur haute pression, le soufflage de feuilles, la pr\u00e9paration de sol, l\u2019amendement du sol\u2026\u00a0<\/em><\/span><\/p>\n<p><span style=\"font-size: 14pt;\">\u00a0 \u00a0 \u00a0Selon <strong>votre choix<\/strong>, apr\u00e8s chaque intervention, nous vous proposons diff\u00e9rentes possibilit\u00e9s de traitement des r\u00e9manents: <em>compostage sur place, broyage sous forme de paillage ou \u00e9vacuation.<\/em><\/span><\/p>\n<p><span style=\"font-size: 14pt;\">\u00a0 \u00a0 \u00a0De plus, si vous \u00eates un particulier, nous sommes habilit\u00e9s \u00e0 vous faire\u00a0<strong>b\u00e9n\u00e9ficier de r\u00e9ductions fiscales \u00e0 hauteur de 50% <\/strong>selon la liste officielle de <strong>petits travaux de jardinage<\/strong> et cela m\u00eame sur les contrats annuels.<\/span><\/p>\n<p>[\/et_pb_text][\/et_pb_column][\/et_pb_row][\/et_pb_section]<\/p>\n","protected":false},"excerpt":{"rendered":"<p>[et_pb_section bb_built=\u00a0\u00bb1&Prime; admin_label=\u00a0\u00bbsection\u00a0\u00bb][et_pb_row admin_label=\u00a0\u00bbrow\u00a0\u00bb background_position=\u00a0\u00bbtop_left\u00a0\u00bb background_repeat=\u00a0\u00bbrepeat\u00a0\u00bb background_size=\u00a0\u00bbinitial\u00a0\u00bb][et_pb_column type=\u00a0\u00bb2_3&Prime;][et_pb_image src=\u00a0\u00bbhttp:\/\/arboripaysage.fr\/wp-content\/uploads\/2017\/11\/Entretien-de-haies.jpg\u00a0\u00bb show_in_lightbox=\u00a0\u00bboff\u00a0\u00bb url_new_window=\u00a0\u00bboff\u00a0\u00bb use_overlay=\u00a0\u00bboff\u00a0\u00bb animation=\u00a0\u00bbleft\u00a0\u00bb sticky=\u00a0\u00bboff\u00a0\u00bb align=\u00a0\u00bbleft\u00a0\u00bb force_fullwidth=\u00a0\u00bboff\u00a0\u00bb always_center_on_mobile=\u00a0\u00bbon\u00a0\u00bb use_border_color=\u00a0\u00bboff\u00a0\u00bb border_color=\u00a0\u00bb#ffffff\u00a0\u00bb border_style=\u00a0\u00bbsolid\u00a0\u00bb animation_style=\u00a0\u00bbslide\u00a0\u00bb animation_duration=\u00a0\u00bb500ms\u00a0\u00bb animation_intensity_slide=\u00a0\u00bb10%\u00a0\u00bb animation_direction=\u00a0\u00bbleft\u00a0\u00bb show_bottom_space=\u00a0\u00bbon\u00a0\u00bb \/][\/et_pb_column][et_pb_column type=\u00a0\u00bb1_3&Prime;][et_pb_text _builder_version=\u00a0\u00bb3.0.100&Prime; background_layout=\u00a0\u00bblight\u00a0\u00bb text_orientation=\u00a0\u00bbjustified\u00a0\u00bb text_font=\u00a0\u00bbgabriola||||||||\u00a0\u00bb] &nbsp; \u00a0 \u00a0\u00a0Que vous soyez un particulier, une entreprise ou une collectivit\u00e9, pour l\u2019entretien\u00a0de vos parcs, jardins ou espaces verts faites confiance \u00e0 Arboripaysage. [&hellip;]<\/p>\n","protected":false},"author":1,"featured_media":0,"parent":0,"menu_order":0,"comment_status":"closed","ping_status":"closed","template":"","meta":{"_et_pb_use_builder":"on","_et_pb_old_content":""},"_links":{"self":[{"href":"https:\/\/arboripaysage.fr\/index.php\/wp-json\/wp\/v2\/pages\/66"}],"collection":[{"href":"https:\/\/arboripaysage.fr\/index.php\/wp-json\/wp\/v2\/pages"}],"about":[{"href":"https:\/\/arboripaysage.fr\/index.php\/wp-json\/wp\/v2\/types\/page"}],"author":[{"embeddable":true,"href":"https:\/\/arboripaysage.fr\/index.php\/wp-json\/wp\/v2\/users\/1"}],"replies":[{"embeddable":true,"href":"https:\/\/arboripaysage.fr\/index.php\/wp-json\/wp\/v2\/comments?post=66"}],"version-history":[{"count":12,"href":"https:\/\/arboripaysage.fr\/index.php\/wp-json\/wp\/v2\/pages\/66\/revisions"}],"predecessor-version":[{"id":739,"href":"https:\/\/arboripaysage.fr\/index.php\/wp-json\/wp\/v2\/pages\/66\/revisions\/739"}],"wp:attachment":[{"href":"https:\/\/arboripaysage.fr\/index.php\/wp-json\/wp\/v2\/media?parent=66"}],"curies":[{"name":"wp","href":"https:\/\/api.w.org\/{rel}","templated":true}]}}