{"id":512,"date":"2018-02-13T10:54:18","date_gmt":"2018-02-13T09:54:18","guid":{"rendered":"https:\/\/arboripaysage.fr\/?page_id=512"},"modified":"2018-02-14T09:25:04","modified_gmt":"2018-02-14T08:25:04","slug":"paysagiste-wargnies-le-petit","status":"publish","type":"page","link":"https:\/\/arboripaysage.fr\/index.php\/paysagiste-wargnies-le-petit\/","title":{"rendered":"Wargnies le petit"},"content":{"rendered":"<p>[et_pb_section bb_built=\u00a0\u00bb1&Prime;][et_pb_row][et_pb_column type=\u00a0\u00bb1_2&Prime;][et_pb_image _builder_version=\u00a0\u00bb3.0.100&Prime; src=\u00a0\u00bbhttps:\/\/arboripaysage.fr\/wp-content\/uploads\/2018\/02\/Retenue-de-terre-en-bois-Wargnies-le-petit.jpg\u00a0\u00bb show_in_lightbox=\u00a0\u00bbon\u00a0\u00bb url_new_window=\u00a0\u00bboff\u00a0\u00bb use_overlay=\u00a0\u00bboff\u00a0\u00bb always_center_on_mobile=\u00a0\u00bbon\u00a0\u00bb force_fullwidth=\u00a0\u00bboff\u00a0\u00bb show_bottom_space=\u00a0\u00bbon\u00a0\u00bb \/][\/et_pb_column][et_pb_column type=\u00a0\u00bb1_2&Prime;][et_pb_text _builder_version=\u00a0\u00bb3.0.100&Prime; background_layout=\u00a0\u00bblight\u00a0\u00bb text_font=\u00a0\u00bbgabriola|800|||||||\u00a0\u00bb header_font=\u00a0\u00bbgabriola|800|||||||\u00a0\u00bb]<\/p>\n<h2 style=\"text-align: center;\">Retenue de terre en bois sur Wargnies le petit<\/h2>\n<p style=\"text-align: center;\">Dans note r\u00e9gion, les terres argileuses posent soucis lorsqu&rsquo;il pleut beaucoup. Lass\u00e9 de voir sa terre raviner sous les panneaux b\u00e9ton de ses voisins, mon client d\u00e9sirait solutionner ce probl\u00e8me. Par la m\u00eame occasion, il voulait en profiter pour rendre cet espace plus esth\u00e9tique.<\/p>\n<p>[\/et_pb_text][\/et_pb_column][\/et_pb_row][\/et_pb_section]<\/p>\n","protected":false},"excerpt":{"rendered":"<p>[et_pb_section bb_built=\u00a0\u00bb1&Prime;][et_pb_row][et_pb_column type=\u00a0\u00bb1_2&Prime;][et_pb_image _builder_version=\u00a0\u00bb3.0.100&Prime; src=\u00a0\u00bbhttps:\/\/arboripaysage.fr\/wp-content\/uploads\/2018\/02\/Retenue-de-terre-en-bois-Wargnies-le-petit.jpg\u00a0\u00bb show_in_lightbox=\u00a0\u00bbon\u00a0\u00bb url_new_window=\u00a0\u00bboff\u00a0\u00bb use_overlay=\u00a0\u00bboff\u00a0\u00bb always_center_on_mobile=\u00a0\u00bbon\u00a0\u00bb force_fullwidth=\u00a0\u00bboff\u00a0\u00bb show_bottom_space=\u00a0\u00bbon\u00a0\u00bb \/][\/et_pb_column][et_pb_column type=\u00a0\u00bb1_2&Prime;][et_pb_text _builder_version=\u00a0\u00bb3.0.100&Prime; background_layout=\u00a0\u00bblight\u00a0\u00bb text_font=\u00a0\u00bbgabriola|800|||||||\u00a0\u00bb header_font=\u00a0\u00bbgabriola|800|||||||\u00a0\u00bb] Retenue de terre en bois sur Wargnies le petit Dans note r\u00e9gion, les terres argileuses posent soucis lorsqu&rsquo;il pleut beaucoup. Lass\u00e9 de voir sa terre raviner sous les panneaux b\u00e9ton de ses voisins, mon client d\u00e9sirait solutionner ce [&hellip;]<\/p>\n","protected":false},"author":1,"featured_media":0,"parent":0,"menu_order":0,"comment_status":"closed","ping_status":"closed","template":"","meta":{"_et_pb_use_builder":"on","_et_pb_old_content":""},"_links":{"self":[{"href":"https:\/\/arboripaysage.fr\/index.php\/wp-json\/wp\/v2\/pages\/512"}],"collection":[{"href":"https:\/\/arboripaysage.fr\/index.php\/wp-json\/wp\/v2\/pages"}],"about":[{"href":"https:\/\/arboripaysage.fr\/index.php\/wp-json\/wp\/v2\/types\/page"}],"author":[{"embeddable":true,"href":"https:\/\/arboripaysage.fr\/index.php\/wp-json\/wp\/v2\/users\/1"}],"replies":[{"embeddable":true,"href":"https:\/\/arboripaysage.fr\/index.php\/wp-json\/wp\/v2\/comments?post=512"}],"version-history":[{"count":3,"href":"https:\/\/arboripaysage.fr\/index.php\/wp-json\/wp\/v2\/pages\/512\/revisions"}],"predecessor-version":[{"id":598,"href":"https:\/\/arboripaysage.fr\/index.php\/wp-json\/wp\/v2\/pages\/512\/revisions\/598"}],"wp:attachment":[{"href":"https:\/\/arboripaysage.fr\/index.php\/wp-json\/wp\/v2\/media?parent=512"}],"curies":[{"name":"wp","href":"https:\/\/api.w.org\/{rel}","templated":true}]}}