{"id":466,"date":"2018-02-12T16:45:29","date_gmt":"2018-02-12T15:45:29","guid":{"rendered":"https:\/\/arboripaysage.fr\/?page_id=466"},"modified":"2018-02-14T08:24:26","modified_gmt":"2018-02-14T07:24:26","slug":"paysagiste-aulnoye-aymeries","status":"publish","type":"page","link":"https:\/\/arboripaysage.fr\/index.php\/paysagiste-aulnoye-aymeries\/","title":{"rendered":"Aulnoye Aymeries"},"content":{"rendered":"<p>[et_pb_section bb_built=\u00a0\u00bb1&Prime;][et_pb_row][et_pb_column type=\u00a0\u00bb1_2&Prime;][et_pb_image _builder_version=\u00a0\u00bb3.0.100&Prime; src=\u00a0\u00bbhttps:\/\/arboripaysage.fr\/wp-content\/uploads\/2018\/02\/V\u00e9g\u00e9talisation-de-terrasse-Aulnoye-Aymeries-2.jpg\u00a0\u00bb show_in_lightbox=\u00a0\u00bbon\u00a0\u00bb url_new_window=\u00a0\u00bboff\u00a0\u00bb use_overlay=\u00a0\u00bboff\u00a0\u00bb always_center_on_mobile=\u00a0\u00bbon\u00a0\u00bb force_fullwidth=\u00a0\u00bboff\u00a0\u00bb show_bottom_space=\u00a0\u00bbon\u00a0\u00bb max_width=\u00a0\u00bb50%\u00a0\u00bb align=\u00a0\u00bbcenter\u00a0\u00bb \/][\/et_pb_column][et_pb_column type=\u00a0\u00bb1_2&Prime;][et_pb_text _builder_version=\u00a0\u00bb3.0.100&Prime; background_layout=\u00a0\u00bblight\u00a0\u00bb text_font=\u00a0\u00bbgabriola|800|||||||\u00a0\u00bb]<\/p>\n<h2 style=\"text-align: center;\"><span style=\"font-size: 24pt;\">Cr\u00e9ation d&rsquo;un am\u00e9nagement sur Aulnoye Aymeries<\/span><\/h2>\n<p style=\"text-align: center;\"><span style=\"font-size: 14pt;\">Apr\u00e8s la pose de panneaux occultants par leurs voisins, mes clients d\u00e9siraient donner un peu de vie devant ces \u00e9crans.<\/span><\/p>\n<p>[\/et_pb_text][\/et_pb_column][\/et_pb_row][et_pb_row][et_pb_column type=\u00a0\u00bb1_2&Prime;][et_pb_image _builder_version=\u00a0\u00bb3.0.100&Prime; src=\u00a0\u00bbhttps:\/\/arboripaysage.fr\/wp-content\/uploads\/2018\/02\/Refleurissement-entr\u00e9e-Aulnoye-Aymeries.jpg\u00a0\u00bb show_in_lightbox=\u00a0\u00bbon\u00a0\u00bb url_new_window=\u00a0\u00bboff\u00a0\u00bb use_overlay=\u00a0\u00bboff\u00a0\u00bb always_center_on_mobile=\u00a0\u00bbon\u00a0\u00bb force_fullwidth=\u00a0\u00bboff\u00a0\u00bb show_bottom_space=\u00a0\u00bbon\u00a0\u00bb align=\u00a0\u00bbcenter\u00a0\u00bb max_width=\u00a0\u00bb50%\u00a0\u00bb \/][\/et_pb_column][et_pb_column type=\u00a0\u00bb1_2&Prime;][et_pb_text _builder_version=\u00a0\u00bb3.0.100&Prime; background_layout=\u00a0\u00bblight\u00a0\u00bb text_font=\u00a0\u00bbgabriola|800|||||||\u00a0\u00bb header_font=\u00a0\u00bbgabriola|800|||||||\u00a0\u00bb]<\/p>\n<h2 style=\"text-align: center;\"><span style=\"font-size: 24pt;\">Refleurissement sur Aulnoye Aymeries<\/span><\/h2>\n<p style=\"text-align: center;\"><span style=\"font-size: 14pt;\">Las d&rsquo;avoir q&rsquo;une simple pelouse devant chez eux, mes clients d\u00e9siraient prendre un peu de hauteur, avoir de la couleur, des changements selon les saisons.<\/span><\/p>\n<p>[\/et_pb_text][\/et_pb_column][\/et_pb_row][\/et_pb_section]<\/p>\n","protected":false},"excerpt":{"rendered":"<p>[et_pb_section bb_built=\u00a0\u00bb1&Prime;][et_pb_row][et_pb_column type=\u00a0\u00bb1_2&Prime;][et_pb_image _builder_version=\u00a0\u00bb3.0.100&Prime; src=\u00a0\u00bbhttps:\/\/arboripaysage.fr\/wp-content\/uploads\/2018\/02\/V\u00e9g\u00e9talisation-de-terrasse-Aulnoye-Aymeries-2.jpg\u00a0\u00bb show_in_lightbox=\u00a0\u00bbon\u00a0\u00bb url_new_window=\u00a0\u00bboff\u00a0\u00bb use_overlay=\u00a0\u00bboff\u00a0\u00bb always_center_on_mobile=\u00a0\u00bbon\u00a0\u00bb force_fullwidth=\u00a0\u00bboff\u00a0\u00bb show_bottom_space=\u00a0\u00bbon\u00a0\u00bb max_width=\u00a0\u00bb50%\u00a0\u00bb align=\u00a0\u00bbcenter\u00a0\u00bb \/][\/et_pb_column][et_pb_column type=\u00a0\u00bb1_2&Prime;][et_pb_text _builder_version=\u00a0\u00bb3.0.100&Prime; background_layout=\u00a0\u00bblight\u00a0\u00bb text_font=\u00a0\u00bbgabriola|800|||||||\u00a0\u00bb] Cr\u00e9ation d&rsquo;un am\u00e9nagement sur Aulnoye Aymeries Apr\u00e8s la pose de panneaux occultants par leurs voisins, mes clients d\u00e9siraient donner un peu de vie devant ces \u00e9crans. [\/et_pb_text][\/et_pb_column][\/et_pb_row][et_pb_row][et_pb_column type=\u00a0\u00bb1_2&Prime;][et_pb_image _builder_version=\u00a0\u00bb3.0.100&Prime; src=\u00a0\u00bbhttps:\/\/arboripaysage.fr\/wp-content\/uploads\/2018\/02\/Refleurissement-entr\u00e9e-Aulnoye-Aymeries.jpg\u00a0\u00bb show_in_lightbox=\u00a0\u00bbon\u00a0\u00bb url_new_window=\u00a0\u00bboff\u00a0\u00bb use_overlay=\u00a0\u00bboff\u00a0\u00bb always_center_on_mobile=\u00a0\u00bbon\u00a0\u00bb force_fullwidth=\u00a0\u00bboff\u00a0\u00bb show_bottom_space=\u00a0\u00bbon\u00a0\u00bb align=\u00a0\u00bbcenter\u00a0\u00bb [&hellip;]<\/p>\n","protected":false},"author":1,"featured_media":0,"parent":0,"menu_order":0,"comment_status":"closed","ping_status":"closed","template":"","meta":{"_et_pb_use_builder":"on","_et_pb_old_content":""},"_links":{"self":[{"href":"https:\/\/arboripaysage.fr\/index.php\/wp-json\/wp\/v2\/pages\/466"}],"collection":[{"href":"https:\/\/arboripaysage.fr\/index.php\/wp-json\/wp\/v2\/pages"}],"about":[{"href":"https:\/\/arboripaysage.fr\/index.php\/wp-json\/wp\/v2\/types\/page"}],"author":[{"embeddable":true,"href":"https:\/\/arboripaysage.fr\/index.php\/wp-json\/wp\/v2\/users\/1"}],"replies":[{"embeddable":true,"href":"https:\/\/arboripaysage.fr\/index.php\/wp-json\/wp\/v2\/comments?post=466"}],"version-history":[{"count":8,"href":"https:\/\/arboripaysage.fr\/index.php\/wp-json\/wp\/v2\/pages\/466\/revisions"}],"predecessor-version":[{"id":538,"href":"https:\/\/arboripaysage.fr\/index.php\/wp-json\/wp\/v2\/pages\/466\/revisions\/538"}],"wp:attachment":[{"href":"https:\/\/arboripaysage.fr\/index.php\/wp-json\/wp\/v2\/media?parent=466"}],"curies":[{"name":"wp","href":"https:\/\/api.w.org\/{rel}","templated":true}]}}