{"id":397,"date":"2018-02-07T16:35:49","date_gmt":"2018-02-07T15:35:49","guid":{"rendered":"https:\/\/arboripaysage.fr\/?page_id=397"},"modified":"2018-02-14T08:58:30","modified_gmt":"2018-02-14T07:58:30","slug":"paysagiste-gommegnies","status":"publish","type":"page","link":"https:\/\/arboripaysage.fr\/index.php\/paysagiste-gommegnies\/","title":{"rendered":"Gommegnies"},"content":{"rendered":"<p>[et_pb_section bb_built=\u00a0\u00bb1&Prime;][et_pb_row][et_pb_column type=\u00a0\u00bb1_2&Prime;][et_pb_image _builder_version=\u00a0\u00bb3.0.100&Prime; src=\u00a0\u00bbhttps:\/\/arboripaysage.fr\/wp-content\/uploads\/2018\/02\/D\u00e9montage-de-fr\u00eanes-\u00e0-proximit\u00e9-de-c\u00e2bles-electriques-Gommegnies.jpg\u00a0\u00bb show_in_lightbox=\u00a0\u00bbon\u00a0\u00bb url_new_window=\u00a0\u00bboff\u00a0\u00bb use_overlay=\u00a0\u00bboff\u00a0\u00bb always_center_on_mobile=\u00a0\u00bbon\u00a0\u00bb force_fullwidth=\u00a0\u00bboff\u00a0\u00bb show_bottom_space=\u00a0\u00bbon\u00a0\u00bb \/][\/et_pb_column][et_pb_column type=\u00a0\u00bb1_2&Prime;][et_pb_text _builder_version=\u00a0\u00bb3.0.100&Prime; background_layout=\u00a0\u00bblight\u00a0\u00bb text_font=\u00a0\u00bbgabriola|800|||||||\u00a0\u00bb header_font=\u00a0\u00bbgabriola|800|||||||\u00a0\u00bb]<\/p>\n<h2 style=\"text-align: center;\"><span style=\"font-size: 24pt;\">D\u00e9montage de deux Fr\u00eanes sur Gommegnies<\/span><\/h2>\n<p style=\"text-align: center;\"><span style=\"font-size: 14pt;\">La demande des propri\u00e9taires \u00e9tait de supprimer deux fr\u00eanes. Ces jeunes pousses avaient germ\u00e9es naturellement <\/span><span style=\"font-size: 14pt;\">dans un tout petit jardinet de quelques m\u00e8tres carr\u00e9s sans jamais \u00eatre taill\u00e9es. Apr\u00e8s quelques ann\u00e9es, ces arbres \u00e9taient bien trop encombrants face \u00e0 l&rsquo;espace disponible. De plus, ils \u00e9taient plac\u00e9s juste en dessous d<\/span><span style=\"font-size: 14pt;\">e diff\u00e9rents c\u00e2bles \u00e9lectriques et t\u00e9l\u00e9phoniques qui s&rsquo;accrochaient d\u00e9j\u00e0 dans les branches.<\/span><\/p>\n<p>[\/et_pb_text][\/et_pb_column][\/et_pb_row][\/et_pb_section]<\/p>\n","protected":false},"excerpt":{"rendered":"<p>[et_pb_section bb_built=\u00a0\u00bb1&Prime;][et_pb_row][et_pb_column type=\u00a0\u00bb1_2&Prime;][et_pb_image _builder_version=\u00a0\u00bb3.0.100&Prime; src=\u00a0\u00bbhttps:\/\/arboripaysage.fr\/wp-content\/uploads\/2018\/02\/D\u00e9montage-de-fr\u00eanes-\u00e0-proximit\u00e9-de-c\u00e2bles-electriques-Gommegnies.jpg\u00a0\u00bb show_in_lightbox=\u00a0\u00bbon\u00a0\u00bb url_new_window=\u00a0\u00bboff\u00a0\u00bb use_overlay=\u00a0\u00bboff\u00a0\u00bb always_center_on_mobile=\u00a0\u00bbon\u00a0\u00bb force_fullwidth=\u00a0\u00bboff\u00a0\u00bb show_bottom_space=\u00a0\u00bbon\u00a0\u00bb \/][\/et_pb_column][et_pb_column type=\u00a0\u00bb1_2&Prime;][et_pb_text _builder_version=\u00a0\u00bb3.0.100&Prime; background_layout=\u00a0\u00bblight\u00a0\u00bb text_font=\u00a0\u00bbgabriola|800|||||||\u00a0\u00bb header_font=\u00a0\u00bbgabriola|800|||||||\u00a0\u00bb] D\u00e9montage de deux Fr\u00eanes sur Gommegnies La demande des propri\u00e9taires \u00e9tait de supprimer deux fr\u00eanes. Ces jeunes pousses avaient germ\u00e9es naturellement dans un tout petit jardinet de quelques m\u00e8tres carr\u00e9s sans jamais \u00eatre taill\u00e9es. Apr\u00e8s quelques ann\u00e9es, ces [&hellip;]<\/p>\n","protected":false},"author":1,"featured_media":0,"parent":0,"menu_order":0,"comment_status":"closed","ping_status":"closed","template":"","meta":{"_et_pb_use_builder":"on","_et_pb_old_content":""},"_links":{"self":[{"href":"https:\/\/arboripaysage.fr\/index.php\/wp-json\/wp\/v2\/pages\/397"}],"collection":[{"href":"https:\/\/arboripaysage.fr\/index.php\/wp-json\/wp\/v2\/pages"}],"about":[{"href":"https:\/\/arboripaysage.fr\/index.php\/wp-json\/wp\/v2\/types\/page"}],"author":[{"embeddable":true,"href":"https:\/\/arboripaysage.fr\/index.php\/wp-json\/wp\/v2\/users\/1"}],"replies":[{"embeddable":true,"href":"https:\/\/arboripaysage.fr\/index.php\/wp-json\/wp\/v2\/comments?post=397"}],"version-history":[{"count":5,"href":"https:\/\/arboripaysage.fr\/index.php\/wp-json\/wp\/v2\/pages\/397\/revisions"}],"predecessor-version":[{"id":591,"href":"https:\/\/arboripaysage.fr\/index.php\/wp-json\/wp\/v2\/pages\/397\/revisions\/591"}],"wp:attachment":[{"href":"https:\/\/arboripaysage.fr\/index.php\/wp-json\/wp\/v2\/media?parent=397"}],"curies":[{"name":"wp","href":"https:\/\/api.w.org\/{rel}","templated":true}]}}